{"id":48,"date":"2015-12-15T17:53:02","date_gmt":"2015-12-15T16:53:02","guid":{"rendered":"http:\/\/www.bergschaenke.de\/?page_id=48"},"modified":"2024-01-03T18:21:41","modified_gmt":"2024-01-03T17:21:41","slug":"preiseausstattung","status":"publish","type":"page","link":"https:\/\/www.bergschaenke.de\/index.php\/preiseausstattung\/","title":{"rendered":"Preise\/Ausstattung"},"content":{"rendered":"<p style=\"text-align: left;\"><strong>Preise<\/strong><\/p>\n<p style=\"text-align: left;\">Der Preis pro \u00dcbernachtung betr\u00e4gt 110,00 EUR. Ab 8 Personen wird f\u00fcr jede weitere Person 5,00 EUR pro Nacht berechnet. Zus\u00e4tzlich werden 50,00 EUR f\u00fcr die Endreinigung berechnet.<\/p>\n<p style=\"text-align: left;\"><strong>Ab dem 01.01.2015 vermieten wir das Ferienhaus Bergsch\u00e4nke aufgrund des Aufwandes in der Abwicklung und der Reinigung nur noch mit einer Mindestaufenthaltsdauer von 2 \u00dcbernachtungen.<br \/>\n<\/strong><\/p>\n<p style=\"text-align: left;\"><strong>Ausstattung<\/strong><\/p>\n<p style=\"text-align: left;\">Das Haus verf\u00fcgt \u00fcber ein Wohnzimmer mit stattlichem Esstisch und gem\u00fctlicher Sitzecke, 2 Badezimmer jeweils mit Dusche und WC, sowie hat 4 Schlafr\u00e4ume mit Schlafgelegenheiten f\u00fcr 8 Personen. Bitte bringen Sie Bettw\u00e4sche (Bettbezug, Kissen, Laken) und Handt\u00fccher mit. (Auf Wunsch k\u00f6nnen Bettw\u00e4sche\/Handt\u00fccher gegen eine Leihgeb\u00fchr auch gestellt werden.) Alle R\u00e4ume k\u00f6nnen \u00fcber eine Gaszentralheizung geheizt werden. Im Wohnzimmer gibt es einen Kaminofen.<\/p>\n<p style=\"text-align: left;\">Die K\u00fcche ist ausgestattet mit 4-Platten-Herd mit Backofen, Geschirrsp\u00fcler, K\u00fchlschrank mit Eisfach, Kaffeemaschine, Wasserkocher und Besteck und Geschirr f\u00fcr ca. 20 Personen.<\/p>\n<p style=\"text-align: left;\">SAT-Fernseher und eine Stereoanlage sowie ein DVD-Player geh\u00f6ren ebenfalls zur Ausstattung des Hauses.<\/p>\n<p style=\"text-align: left;\">F\u00fcr drau\u00dfen: Eine gepflasterte Feuerstelle, ein Grill sowie ausreichend Gartenm\u00f6bel und ein Tisch vor dem Haus mit Sitzm\u00f6glichkeiten.<\/p>\n<p style=\"text-align: left;\">Hier weitere Bilder zum <span class=\"Apple-converted-space\"><a href=\"http:\/\/www.bergschaenke.de\/index.php\/2015\/12\/15\/bilder-erdgeschoss\/\">Erdgeschoss<\/a><\/span>,<span class=\"Apple-converted-space\">\u00a0<\/span><a href=\"http:\/\/www.bergschaenke.de\/index.php\/2015\/12\/15\/bilder-obergeschoss\/\">Obergeschoss<\/a> \u00a0und<span class=\"Apple-converted-space\">\u00a0<\/span><a href=\"http:\/\/www.bergschaenke.de\/index.php\/2015\/12\/15\/bilder-draussen\/\">drau\u00dfen.<\/a><\/p>\n","protected":false},"excerpt":{"rendered":"<p>Preise Der Preis pro \u00dcbernachtung betr\u00e4gt 110,00 EUR. Ab 8 Personen wird f\u00fcr jede weitere Person 5,00 EUR pro Nacht berechnet. Zus\u00e4tzlich werden 50,00 EUR f\u00fcr die Endreinigung berechnet. Ab dem 01.01.2015 vermieten wir das Ferienhaus Bergsch\u00e4nke aufgrund des Aufwandes in der Abwicklung und der Reinigung nur noch mit einer\u2026<\/p>\n<p> <a class=\"continue-reading-link\" href=\"https:\/\/www.bergschaenke.de\/index.php\/preiseausstattung\/\"><span>weiter<\/span><i class=\"crycon-right-dir\"><\/i><\/a> <\/p>\n","protected":false},"author":1,"featured_media":0,"parent":0,"menu_order":0,"comment_status":"closed","ping_status":"closed","template":"","meta":{"footnotes":""},"class_list":["post-48","page","type-page","status-publish","hentry"],"_links":{"self":[{"href":"https:\/\/www.bergschaenke.de\/index.php\/wp-json\/wp\/v2\/pages\/48","targetHints":{"allow":["GET"]}}],"collection":[{"href":"https:\/\/www.bergschaenke.de\/index.php\/wp-json\/wp\/v2\/pages"}],"about":[{"href":"https:\/\/www.bergschaenke.de\/index.php\/wp-json\/wp\/v2\/types\/page"}],"author":[{"embeddable":true,"href":"https:\/\/www.bergschaenke.de\/index.php\/wp-json\/wp\/v2\/users\/1"}],"replies":[{"embeddable":true,"href":"https:\/\/www.bergschaenke.de\/index.php\/wp-json\/wp\/v2\/comments?post=48"}],"version-history":[{"count":10,"href":"https:\/\/www.bergschaenke.de\/index.php\/wp-json\/wp\/v2\/pages\/48\/revisions"}],"predecessor-version":[{"id":435,"href":"https:\/\/www.bergschaenke.de\/index.php\/wp-json\/wp\/v2\/pages\/48\/revisions\/435"}],"wp:attachment":[{"href":"https:\/\/www.bergschaenke.de\/index.php\/wp-json\/wp\/v2\/media?parent=48"}],"curies":[{"name":"wp","href":"https:\/\/api.w.org\/{rel}","templated":true}]}}