{"id":36,"date":"2015-12-15T17:32:34","date_gmt":"2015-12-15T16:32:34","guid":{"rendered":"http:\/\/www.bergschaenke.de\/?page_id=36"},"modified":"2015-12-15T18:53:31","modified_gmt":"2015-12-15T17:53:31","slug":"anfahrt","status":"publish","type":"page","link":"https:\/\/www.bergschaenke.de\/index.php\/anfahrt\/","title":{"rendered":"Anfahrt"},"content":{"rendered":"<p><img loading=\"lazy\" decoding=\"async\" src=\"http:\/\/www.bergschaenke.de\/wp-content\/uploads\/2015\/12\/karteostrittrumneufertig-300x264.jpg\" alt=\"karteostrittrumneufertig\" width=\"479\" height=\"422\" class=\"alignright size-medium wp-image-37\" srcset=\"https:\/\/www.bergschaenke.de\/wp-content\/uploads\/2015\/12\/karteostrittrumneufertig-300x264.jpg 300w, https:\/\/www.bergschaenke.de\/wp-content\/uploads\/2015\/12\/karteostrittrumneufertig-170x150.jpg 170w, https:\/\/www.bergschaenke.de\/wp-content\/uploads\/2015\/12\/karteostrittrumneufertig-150x132.jpg 150w, https:\/\/www.bergschaenke.de\/wp-content\/uploads\/2015\/12\/karteostrittrumneufertig.jpg 479w\" sizes=\"auto, (max-width: 479px) 100vw, 479px\" \/><\/p>\n<p>Aus Richtung Oldenburg<\/p>\n<p>\u00dcber die BAB A28, Abfahrt Hatten, in Richtung Kirchhatten fahren. An der Querstra\u00dfe in Kirchhatten links abbiegen, in der Ortsmitte dann rechts in Richtung Huntlosen. In Sandhatten in die 2. Stra\u00dfe links abbiegen (Leuchtenburger Str.). Der Ausschilderung in Richtung Ostrittrum folgen. Nach dem Ortsschild &#8222;Ostrittrum&#8220; direkt vor dem 2. Bauernhof rechts in die Teerstra\u00dfe (Boger Sod) abbiegen. Nach ca. 300 m links in den Sandweg einbiegen und nach ca. 300 m steht links die Bergsch\u00e4nke.<\/p>\n<p>Aus Richtung Bremen<\/p>\n<p>\u00dcber die BAB A28 in Richtung Oldenburg, Abfahrt Hatten und dann weiter wie oben beschrieben.<\/p>\n<p>Aus Richtung Osnabr\u00fcck<\/p>\n<p>Die BAB A1, Abfahrt Wildeshausen Nord, in Richtung Wildeshausen fahren, an der n\u00e4chsten Ampel rechts in Richtung Neerstedt abbiegen. In Neerstedt im Kreisel die dritte Ausfahrt in Richtung Ostrittrum\/Westrittrum nehmen. In Ostrittum in der scharfen Linkskurve rechts Richtung Sandhatten abbiegen, ca. 1000 m weiter Richtung Sandhatten fahren, direkt nach dem ersten Bauernhof links in die Teerstra\u00dfe (Boger Sod) abbiegen, nach ca. 300 m links in den Sandweg einbiegen und nach ca. 300 m steht links die Bergsch\u00e4nke.<\/p>\n","protected":false},"excerpt":{"rendered":"<p>Aus Richtung Oldenburg \u00dcber die BAB A28, Abfahrt Hatten, in Richtung Kirchhatten fahren. An der Querstra\u00dfe in Kirchhatten links abbiegen, in der Ortsmitte dann rechts in Richtung Huntlosen. In Sandhatten in die 2. Stra\u00dfe links abbiegen (Leuchtenburger Str.). Der Ausschilderung in Richtung Ostrittrum folgen. Nach dem Ortsschild &#8222;Ostrittrum&#8220; direkt vor\u2026<\/p>\n<p> <a class=\"continue-reading-link\" href=\"https:\/\/www.bergschaenke.de\/index.php\/anfahrt\/\"><span>weiter<\/span><i class=\"crycon-right-dir\"><\/i><\/a> <\/p>\n","protected":false},"author":1,"featured_media":0,"parent":0,"menu_order":4,"comment_status":"closed","ping_status":"closed","template":"","meta":{"footnotes":""},"class_list":["post-36","page","type-page","status-publish","hentry"],"_links":{"self":[{"href":"https:\/\/www.bergschaenke.de\/index.php\/wp-json\/wp\/v2\/pages\/36","targetHints":{"allow":["GET"]}}],"collection":[{"href":"https:\/\/www.bergschaenke.de\/index.php\/wp-json\/wp\/v2\/pages"}],"about":[{"href":"https:\/\/www.bergschaenke.de\/index.php\/wp-json\/wp\/v2\/types\/page"}],"author":[{"embeddable":true,"href":"https:\/\/www.bergschaenke.de\/index.php\/wp-json\/wp\/v2\/users\/1"}],"replies":[{"embeddable":true,"href":"https:\/\/www.bergschaenke.de\/index.php\/wp-json\/wp\/v2\/comments?post=36"}],"version-history":[{"count":5,"href":"https:\/\/www.bergschaenke.de\/index.php\/wp-json\/wp\/v2\/pages\/36\/revisions"}],"predecessor-version":[{"id":90,"href":"https:\/\/www.bergschaenke.de\/index.php\/wp-json\/wp\/v2\/pages\/36\/revisions\/90"}],"wp:attachment":[{"href":"https:\/\/www.bergschaenke.de\/index.php\/wp-json\/wp\/v2\/media?parent=36"}],"curies":[{"name":"wp","href":"https:\/\/api.w.org\/{rel}","templated":true}]}}